{"id":331,"date":"2021-03-09T15:58:47","date_gmt":"2021-03-09T15:58:47","guid":{"rendered":"http:\/\/dzieciolandia.eu\/?page_id=331"},"modified":"2021-03-10T21:15:33","modified_gmt":"2021-03-10T21:15:33","slug":"regulamin","status":"publish","type":"page","link":"https:\/\/dzieciolandia.eu\/index.php\/regulamin\/","title":{"rendered":"REGULAMIN"},"content":{"rendered":"\t\t<div data-elementor-type=\"wp-page\" data-elementor-id=\"331\" class=\"elementor elementor-331\" data-elementor-post-type=\"page\">\n\t\t\t\t\t\t<div class=\"elementor-inner\">\n\t\t\t\t<div class=\"elementor-section-wrap\">\n\t\t\t\t\t\t\t\t\t<section class=\"elementor-section elementor-top-section elementor-element elementor-element-3064231e elementor-section-height-min-height elementor-section-boxed elementor-section-height-default elementor-section-items-middle\" data-id=\"3064231e\" data-element_type=\"section\" data-settings=\"{&quot;background_background&quot;:&quot;classic&quot;,&quot;shape_divider_bottom&quot;:&quot;waves&quot;,&quot;background_motion_fx_motion_fx_scrolling&quot;:&quot;yes&quot;,&quot;background_motion_fx_scale_effect&quot;:&quot;yes&quot;,&quot;background_motion_fx_scale_direction&quot;:&quot;in-out&quot;,&quot;background_motion_fx_scale_speed&quot;:{&quot;unit&quot;:&quot;px&quot;,&quot;size&quot;:&quot;2&quot;,&quot;sizes&quot;:[]},&quot;background_motion_fx_scale_range&quot;:{&quot;unit&quot;:&quot;%&quot;,&quot;size&quot;:&quot;&quot;,&quot;sizes&quot;:{&quot;start&quot;:&quot;0&quot;,&quot;end&quot;:&quot;80&quot;}},&quot;shape_divider_top&quot;:&quot;waves&quot;,&quot;background_motion_fx_devices&quot;:[&quot;desktop&quot;,&quot;tablet&quot;,&quot;mobile&quot;]}\">\n\t\t\t\t\t\t\t<div class=\"elementor-background-overlay\"><\/div>\n\t\t\t\t\t\t<div class=\"elementor-shape elementor-shape-top\" data-negative=\"false\">\n\t\t\t<svg xmlns=\"http:\/\/www.w3.org\/2000\/svg\" viewBox=\"0 0 1000 100\" preserveAspectRatio=\"none\">\n\t<path class=\"elementor-shape-fill\" d=\"M421.9,6.5c22.6-2.5,51.5,0.4,75.5,5.3c23.6,4.9,70.9,23.5,100.5,35.7c75.8,32.2,133.7,44.5,192.6,49.7\n\tc23.6,2.1,48.7,3.5,103.4-2.5c54.7-6,106.2-25.6,106.2-25.6V0H0v30.3c0,0,72,32.6,158.4,30.5c39.2-0.7,92.8-6.7,134-22.4\n\tc21.2-8.1,52.2-18.2,79.7-24.2C399.3,7.9,411.6,7.5,421.9,6.5z\"\/>\n<\/svg>\t\t<\/div>\n\t\t\t\t<div class=\"elementor-shape elementor-shape-bottom\" data-negative=\"false\">\n\t\t\t<svg xmlns=\"http:\/\/www.w3.org\/2000\/svg\" viewBox=\"0 0 1000 100\" preserveAspectRatio=\"none\">\n\t<path class=\"elementor-shape-fill\" d=\"M421.9,6.5c22.6-2.5,51.5,0.4,75.5,5.3c23.6,4.9,70.9,23.5,100.5,35.7c75.8,32.2,133.7,44.5,192.6,49.7\n\tc23.6,2.1,48.7,3.5,103.4-2.5c54.7-6,106.2-25.6,106.2-25.6V0H0v30.3c0,0,72,32.6,158.4,30.5c39.2-0.7,92.8-6.7,134-22.4\n\tc21.2-8.1,52.2-18.2,79.7-24.2C399.3,7.9,411.6,7.5,421.9,6.5z\"\/>\n<\/svg>\t\t<\/div>\n\t\t\t\t\t<div class=\"elementor-container elementor-column-gap-default\">\n\t\t\t\t\t\t\t<div class=\"elementor-row\">\n\t\t\t\t\t<div class=\"elementor-column elementor-col-100 elementor-top-column elementor-element elementor-element-d8ea16d\" data-id=\"d8ea16d\" data-element_type=\"column\">\n\t\t\t<div class=\"elementor-column-wrap elementor-element-populated\">\n\t\t\t\t\t\t\t<div class=\"elementor-widget-wrap\">\n\t\t\t\t\t\t<div class=\"elementor-element elementor-element-64fb748e elementor-widget elementor-widget-heading\" data-id=\"64fb748e\" data-element_type=\"widget\" data-widget_type=\"heading.default\">\n\t\t\t\t<div class=\"elementor-widget-container\">\n\t\t\t<h3 class=\"elementor-heading-title elementor-size-default\">REGULAMIN<\/h3>\t\t<\/div>\n\t\t\t\t<\/div>\n\t\t\t\t<div class=\"elementor-element elementor-element-41f9faf2 elementor-widget elementor-widget-heading\" data-id=\"41f9faf2\" data-element_type=\"widget\" data-widget_type=\"heading.default\">\n\t\t\t\t<div class=\"elementor-widget-container\">\n\t\t\t<h1 class=\"elementor-heading-title elementor-size-default\">SALI ZABAW<\/h1>\t\t<\/div>\n\t\t\t\t<\/div>\n\t\t\t\t\t\t<\/div>\n\t\t\t\t\t<\/div>\n\t\t<\/div>\n\t\t\t\t\t\t\t\t<\/div>\n\t\t\t\t\t<\/div>\n\t\t<\/section>\n\t\t\t\t<section class=\"elementor-section elementor-top-section elementor-element elementor-element-4202509 elementor-section-boxed elementor-section-height-default elementor-section-height-default\" data-id=\"4202509\" data-element_type=\"section\" data-settings=\"{&quot;background_background&quot;:&quot;classic&quot;}\">\n\t\t\t\t\t\t<div class=\"elementor-container elementor-column-gap-default\">\n\t\t\t\t\t\t\t<div class=\"elementor-row\">\n\t\t\t\t\t<div class=\"elementor-column elementor-col-100 elementor-top-column elementor-element elementor-element-284e28a\" data-id=\"284e28a\" data-element_type=\"column\">\n\t\t\t<div class=\"elementor-column-wrap elementor-element-populated\">\n\t\t\t\t\t\t\t<div class=\"elementor-widget-wrap\">\n\t\t\t\t\t\t<div class=\"elementor-element elementor-element-3c4e216 elementor-widget elementor-widget-spacer\" data-id=\"3c4e216\" data-element_type=\"widget\" data-widget_type=\"spacer.default\">\n\t\t\t\t<div class=\"elementor-widget-container\">\n\t\t\t\t\t<div class=\"elementor-spacer\">\n\t\t\t<div class=\"elementor-spacer-inner\"><\/div>\n\t\t<\/div>\n\t\t\t\t<\/div>\n\t\t\t\t<\/div>\n\t\t\t\t<div class=\"elementor-element elementor-element-0574c4d elementor-widget elementor-widget-text-editor\" data-id=\"0574c4d\" data-element_type=\"widget\" data-widget_type=\"text-editor.default\">\n\t\t\t\t<div class=\"elementor-widget-container\">\n\t\t\t\t\t\t\t\t<div class=\"elementor-text-editor elementor-clearfix\">\n\t\t\t\t<ol><li>Osoba dokonuj\u0105ca zakupu biletu o\u015bwiadcza, \u017ce zapozna\u0142a si\u0119 z regulaminem Dzieciolandia +Fabryka Zabawy<\/li><li>Dzieciolandia +Fabryka Zabawy przeznaczona jest dla dzieci w wieku 1-11 lat<\/li><li>Dzieci poni\u017cej 1-go roku \u017cycia maj\u0105 wst\u0119p bezp\u0142atny, wy\u0142\u0105cznie jako osoby towarzysz\u0105ce nie mog\u0105ce korzysta\u0107 z atrakcji sali zabaw<\/li><li>Na sal\u0119 zabaw wst\u0119p dla dzieci i rodzic\u00f3w jedynie w skarpetkach lub ochraniaczach<\/li><li>Dzieci przebywaj\u0105 w Dzieciolandia +Fabryka Zabawy pod opiek\u0105 rodzic\u00f3w lub prawnych opiekun\u00f3w. Za bezpiecze\u0144stwo dzieci znajduj\u0105cych si\u0119 w sali zabaw odpowiedzialno\u015b\u0107 ponosz\u0105 rodzice b\u0105d\u017a opiekunowie.<\/li><li>Wszystkie obiekty przeznaczone do zabawy znajduj\u0105ce si\u0119 w Dzieciolandia + Fabryka Zabawy, z kt\u00f3rych korzysta\u0107 b\u0119d\u0105 Pa\u0144stwa dzieci s\u0105 urz\u0105dzeniami nowymi, spe\u0142niaj\u0105cymi wszystkie wymogi bezpiecze\u0144stwa. W przypadku jakichkolwiek sytuacji niebezpiecznych, sytuacji powoduj\u0105cych zagro\u017cenie, wypadk\u00f3w spowodowanych udzia\u0142em Pa\u0144stwa dzieci informujemy, i\u017c nie ponosimy odpowiedzialno\u015bci za zaistnia\u0142e sytuacje, wynikaj\u0105ce z nieodpowiedniego b\u0105d\u017a niebezpiecznego zachowania Pa\u0144stwa podopiecznych. Dlatego zwracamy si\u0119 do wszystkich rodzic\u00f3w oraz opiekun\u00f3w o zapoznanie Pa\u0144stwa dzieci z obowi\u0105zuj\u0105cymi BEZPIECZNYMI zasadami korzystania z urz\u0105dze\u0144, kt\u00f3re s\u0105 do Pa\u0144stwa dyspozycji, bior\u0105c pod uwag\u0119 bezpieczn\u0105 zabaw\u0119 wszystkich dzieci przebywaj\u0105cych w sali zabaw<\/li><li>Z urz\u0105dze\u0144 zabawowych znajduj\u0105cych si\u0119 na terenie Dzieciolandia +Fabryka Zabawy nale\u017cy korzysta\u0107 zgodnie z ich przeznaczeniem.<\/li><li>Wspinanie si\u0119 po zewn\u0119trznych elementach (siatkach), zje\u017cd\u017canie g\u0142ow\u0105 w d\u00f3\u0142, skakanie ze zje\u017cd\u017calni, wchodzenie na nie od strony pochylanej oraz poruszenie si\u0119 po nich w kierunku przeciwnym, ni\u017c kierunek jazdy jest ZABRONIONE.<\/li><li>Zabrania si\u0119 spo\u017cywania s\u0142odyczy, jedzenia oraz picia podczas zabawy oraz wnoszenia ich do strefy zabaw. W ten spos\u00f3b razem zadbamy o czysto\u015b\u0107 sali i bezpiecze\u0144stwo podczas zabawy.<\/li><li>Zwracamy si\u0119 do rodzic\u00f3w b\u0105d\u017a opiekun\u00f3w z pro\u015bb\u0105, by dzieci zdj\u0119\u0142y wszelkie ostre przedmioty typu: kolczyki, spinki, zegarki, okulary, \u0142a\u0144cuszki itp.<\/li><li>W\u0142a\u015bciciel oraz personel Dzieciolandia +Fabryka Zabawy nie ponosi odpowiedzialno\u015bci za bezpiecze\u0144stwo os\u00f3b i dzieci nie przestrzegaj\u0105cych regulaminu oraz zasad bezpiecze\u0144stwa.<\/li><li>Wszelkie roszczenia zg\u0142oszone po wizycie lub zabawie w Dzieciolandia +Fabryka Zabawy uznane zostan\u0105 za nie powsta\u0142e na terenie obiektu.<\/li><li>Prawni opiekunowie ponosz\u0105 odpowiedzialno\u015b\u0107 prawn\u0105 za szkody wyrz\u0105dzone przez swoich podopiecznych na osobach i mieniu.<\/li><li>Na terenie Dzieciolandia +Fabryka Zabawy obowi\u0105zuje bezwzgl\u0119dny zakaz palenia papieros\u00f3w oraz spo\u017cywanie alkoholu i innych \u015brodk\u00f3w odurzaj\u0105cych.<\/li><li>Na terenie Dzieciolandia +Fabryka Zabawy obowi\u0105zuje zakaz wnoszenia jedzenia oraz napoj\u00f3w z zewn\u0105trz. Jedzenie i napoje zakupione w kawiarence mo\u017cna spo\u017cywa\u0107 tylko w miejscach do tego przeznaczonych \u2013 w kawiarence, restauracji i pokojach urodzinowych.<\/li><li>Za odzie\u017c pozostawion\u0105 na terenie sali zabaw oraz rzeczy zagubione W\u0142a\u015bciciel oraz personel nie ponosz\u0105 odpowiedzialno\u015bci.<\/li><\/ol><p>DZI\u0118KUJEMY ZA PRZESTRZEGANIE REGULAMINU I \u017bYCZYMY UDANEJ ZABAWY !!!<\/p>\t\t\t\t\t<\/div>\n\t\t\t\t\t\t<\/div>\n\t\t\t\t<\/div>\n\t\t\t\t\t\t<\/div>\n\t\t\t\t\t<\/div>\n\t\t<\/div>\n\t\t\t\t\t\t\t\t<\/div>\n\t\t\t\t\t<\/div>\n\t\t<\/section>\n\t\t\t\t<section class=\"elementor-section elementor-top-section elementor-element elementor-element-083244c elementor-section-height-min-height elementor-section-boxed elementor-section-height-default elementor-section-items-middle\" data-id=\"083244c\" data-element_type=\"section\" data-settings=\"{&quot;background_background&quot;:&quot;classic&quot;,&quot;shape_divider_bottom&quot;:&quot;waves&quot;,&quot;background_motion_fx_motion_fx_scrolling&quot;:&quot;yes&quot;,&quot;background_motion_fx_scale_effect&quot;:&quot;yes&quot;,&quot;background_motion_fx_scale_direction&quot;:&quot;in-out&quot;,&quot;background_motion_fx_scale_speed&quot;:{&quot;unit&quot;:&quot;px&quot;,&quot;size&quot;:&quot;2.5&quot;,&quot;sizes&quot;:[]},&quot;background_motion_fx_scale_range&quot;:{&quot;unit&quot;:&quot;%&quot;,&quot;size&quot;:&quot;&quot;,&quot;sizes&quot;:{&quot;start&quot;:&quot;0&quot;,&quot;end&quot;:&quot;80&quot;}},&quot;shape_divider_top&quot;:&quot;waves&quot;,&quot;background_motion_fx_devices&quot;:[&quot;desktop&quot;,&quot;tablet&quot;,&quot;mobile&quot;]}\">\n\t\t\t\t\t\t\t<div class=\"elementor-background-overlay\"><\/div>\n\t\t\t\t\t\t<div class=\"elementor-shape elementor-shape-top\" data-negative=\"false\">\n\t\t\t<svg xmlns=\"http:\/\/www.w3.org\/2000\/svg\" viewBox=\"0 0 1000 100\" preserveAspectRatio=\"none\">\n\t<path class=\"elementor-shape-fill\" d=\"M421.9,6.5c22.6-2.5,51.5,0.4,75.5,5.3c23.6,4.9,70.9,23.5,100.5,35.7c75.8,32.2,133.7,44.5,192.6,49.7\n\tc23.6,2.1,48.7,3.5,103.4-2.5c54.7-6,106.2-25.6,106.2-25.6V0H0v30.3c0,0,72,32.6,158.4,30.5c39.2-0.7,92.8-6.7,134-22.4\n\tc21.2-8.1,52.2-18.2,79.7-24.2C399.3,7.9,411.6,7.5,421.9,6.5z\"\/>\n<\/svg>\t\t<\/div>\n\t\t\t\t<div class=\"elementor-shape elementor-shape-bottom\" data-negative=\"false\">\n\t\t\t<svg xmlns=\"http:\/\/www.w3.org\/2000\/svg\" viewBox=\"0 0 1000 100\" preserveAspectRatio=\"none\">\n\t<path class=\"elementor-shape-fill\" d=\"M421.9,6.5c22.6-2.5,51.5,0.4,75.5,5.3c23.6,4.9,70.9,23.5,100.5,35.7c75.8,32.2,133.7,44.5,192.6,49.7\n\tc23.6,2.1,48.7,3.5,103.4-2.5c54.7-6,106.2-25.6,106.2-25.6V0H0v30.3c0,0,72,32.6,158.4,30.5c39.2-0.7,92.8-6.7,134-22.4\n\tc21.2-8.1,52.2-18.2,79.7-24.2C399.3,7.9,411.6,7.5,421.9,6.5z\"\/>\n<\/svg>\t\t<\/div>\n\t\t\t\t\t<div class=\"elementor-container elementor-column-gap-default\">\n\t\t\t\t\t\t\t<div class=\"elementor-row\">\n\t\t\t\t\t<div class=\"elementor-column elementor-col-100 elementor-top-column elementor-element elementor-element-f110fad\" data-id=\"f110fad\" data-element_type=\"column\">\n\t\t\t<div class=\"elementor-column-wrap\">\n\t\t\t\t\t\t\t<div class=\"elementor-widget-wrap\">\n\t\t\t\t\t\t\t\t<\/div>\n\t\t\t\t\t<\/div>\n\t\t<\/div>\n\t\t\t\t\t\t\t\t<\/div>\n\t\t\t\t\t<\/div>\n\t\t<\/section>\n\t\t\t\t\t\t\t\t\t<\/div>\n\t\t\t<\/div>\n\t\t\t\t\t<\/div>\n\t\t","protected":false},"excerpt":{"rendered":"<p>REGULAMIN SALI ZABAW Osoba dokonuj\u0105ca zakupu biletu o\u015bwiadcza, \u017ce zapozna\u0142a si\u0119 z regulaminem Dzieciolandia +Fabryka Zabawy Dzieciolandia +Fabryka Zabawy przeznaczona jest dla dzieci w wieku 1-11 lat Dzieci poni\u017cej 1-go roku \u017cycia maj\u0105 wst\u0119p bezp\u0142atny, wy\u0142\u0105cznie jako osoby towarzysz\u0105ce nie mog\u0105ce korzysta\u0107 z atrakcji sali zabaw Na sal\u0119 zabaw wst\u0119p dla dzieci i rodzic\u00f3w jedynie &hellip; <\/p>\n<p class=\"link-more\"><a href=\"https:\/\/dzieciolandia.eu\/index.php\/regulamin\/\" class=\"more-link\">Czytaj dalej<span class=\"screen-reader-text\"> \u201eREGULAMIN\u201d<\/span><\/a><\/p>\n","protected":false},"author":1,"featured_media":0,"parent":0,"menu_order":0,"comment_status":"closed","ping_status":"closed","template":"elementor_header_footer","meta":{"footnotes":""},"_links":{"self":[{"href":"https:\/\/dzieciolandia.eu\/index.php\/wp-json\/wp\/v2\/pages\/331"}],"collection":[{"href":"https:\/\/dzieciolandia.eu\/index.php\/wp-json\/wp\/v2\/pages"}],"about":[{"href":"https:\/\/dzieciolandia.eu\/index.php\/wp-json\/wp\/v2\/types\/page"}],"author":[{"embeddable":true,"href":"https:\/\/dzieciolandia.eu\/index.php\/wp-json\/wp\/v2\/users\/1"}],"replies":[{"embeddable":true,"href":"https:\/\/dzieciolandia.eu\/index.php\/wp-json\/wp\/v2\/comments?post=331"}],"version-history":[{"count":57,"href":"https:\/\/dzieciolandia.eu\/index.php\/wp-json\/wp\/v2\/pages\/331\/revisions"}],"predecessor-version":[{"id":1020,"href":"https:\/\/dzieciolandia.eu\/index.php\/wp-json\/wp\/v2\/pages\/331\/revisions\/1020"}],"wp:attachment":[{"href":"https:\/\/dzieciolandia.eu\/index.php\/wp-json\/wp\/v2\/media?parent=331"}],"curies":[{"name":"wp","href":"https:\/\/api.w.org\/{rel}","templated":true}]}}